{"id":2912,"date":"2022-02-07T17:21:23","date_gmt":"2022-02-07T16:21:23","guid":{"rendered":"https:\/\/www.provideit.se\/kunskapsbank\/"},"modified":"2025-07-17T17:09:36","modified_gmt":"2025-07-17T16:09:36","slug":"knowledge-base","status":"publish","type":"page","link":"https:\/\/www.provideit.se\/en\/knowledge-base\/","title":{"rendered":"Knowledge Base"},"content":{"rendered":"","protected":false},"excerpt":{"rendered":"","protected":false},"author":1,"featured_media":0,"parent":0,"menu_order":0,"comment_status":"closed","ping_status":"closed","template":"","meta":[],"yoast_head":"<!-- This site is optimized with the Yoast SEO plugin v18.4.1 - https:\/\/yoast.com\/wordpress\/plugins\/seo\/ -->\n<title>Knowledge Base - Provide it.<\/title>\n<meta name=\"robots\" content=\"index, follow, max-snippet:-1, max-image-preview:large, max-video-preview:-1\" \/>\n<link rel=\"canonical\" href=\"https:\/\/www.provideit.se\/en\/knowledge-base\/\" \/>\n<meta property=\"og:locale\" content=\"en_US\" \/>\n<meta property=\"og:type\" content=\"article\" \/>\n<meta property=\"og:title\" content=\"Provide its kunskapsbank\" \/>\n<meta property=\"og:description\" content=\"H\u00e4r finner du som best\u00e4llare av webbprojekt allt f\u00f6r att lyckas med att best\u00e4lla, skapa och f\u00f6rvalta framg\u00e5ngsrika webbprodukter. Vi delar med oss av tio \u00e5rs erfarenheter och akademiska studier om webbprojekt i v\u00e5r kunskapsbank.\" \/>\n<meta property=\"og:url\" content=\"https:\/\/www.provideit.se\/en\/knowledge-base\/\" \/>\n<meta property=\"og:site_name\" content=\"Provide it.\" \/>\n<meta property=\"article:modified_time\" content=\"2025-07-17T16:09:36+00:00\" \/>\n<meta property=\"og:image\" content=\"http:\/\/www.provideit.se\/wp-content\/uploads\/2022\/09\/Headline-Subheader-Image-Light.jpg\" \/>\n\t<meta property=\"og:image:width\" content=\"1200\" \/>\n\t<meta property=\"og:image:height\" content=\"628\" \/>\n\t<meta property=\"og:image:type\" content=\"image\/jpeg\" \/>\n<meta name=\"twitter:card\" content=\"summary_large_image\" \/>\n<script type=\"application\/ld+json\" class=\"yoast-schema-graph\">{\"@context\":\"https:\/\/schema.org\",\"@graph\":[{\"@type\":\"WebSite\",\"@id\":\"https:\/\/www.provideit.se\/#website\",\"url\":\"https:\/\/www.provideit.se\/\",\"name\":\"Provide it.\",\"description\":\"\",\"potentialAction\":[{\"@type\":\"SearchAction\",\"target\":{\"@type\":\"EntryPoint\",\"urlTemplate\":\"https:\/\/www.provideit.se\/?s={search_term_string}\"},\"query-input\":\"required name=search_term_string\"}],\"inLanguage\":\"en-US\"},{\"@type\":\"ImageObject\",\"@id\":\"https:\/\/www.provideit.se\/en\/knowledge-base\/#primaryimage\",\"inLanguage\":\"en-US\",\"url\":\"https:\/\/www.provideit.se\/wp-content\/uploads\/2022\/09\/Headline-Subheader-Image-Light.jpg\",\"contentUrl\":\"https:\/\/www.provideit.se\/wp-content\/uploads\/2022\/09\/Headline-Subheader-Image-Light.jpg\",\"width\":1200,\"height\":628,\"caption\":\"Provide its kunskapsbank\"},{\"@type\":\"WebPage\",\"@id\":\"https:\/\/www.provideit.se\/en\/knowledge-base\/#webpage\",\"url\":\"https:\/\/www.provideit.se\/en\/knowledge-base\/\",\"name\":\"Knowledge Base - Provide it.\",\"isPartOf\":{\"@id\":\"https:\/\/www.provideit.se\/#website\"},\"datePublished\":\"2022-02-07T16:21:23+00:00\",\"dateModified\":\"2025-07-17T16:09:36+00:00\",\"breadcrumb\":{\"@id\":\"https:\/\/www.provideit.se\/en\/knowledge-base\/#breadcrumb\"},\"inLanguage\":\"en-US\",\"potentialAction\":[{\"@type\":\"ReadAction\",\"target\":[\"https:\/\/www.provideit.se\/en\/knowledge-base\/\"]}]},{\"@type\":\"BreadcrumbList\",\"@id\":\"https:\/\/www.provideit.se\/en\/knowledge-base\/#breadcrumb\",\"itemListElement\":[{\"@type\":\"ListItem\",\"position\":1,\"name\":\"Home\",\"item\":\"https:\/\/www.provideit.se\/en\/\"},{\"@type\":\"ListItem\",\"position\":2,\"name\":\"Knowledge Base\"}]}]}<\/script>\n<!-- \/ Yoast SEO plugin. -->","yoast_head_json":{"title":"Knowledge Base - Provide it.","robots":{"index":"index","follow":"follow","max-snippet":"max-snippet:-1","max-image-preview":"max-image-preview:large","max-video-preview":"max-video-preview:-1"},"canonical":"https:\/\/www.provideit.se\/en\/knowledge-base\/","og_locale":"en_US","og_type":"article","og_title":"Provide its kunskapsbank","og_description":"H\u00e4r finner du som best\u00e4llare av webbprojekt allt f\u00f6r att lyckas med att best\u00e4lla, skapa och f\u00f6rvalta framg\u00e5ngsrika webbprodukter. Vi delar med oss av tio \u00e5rs erfarenheter och akademiska studier om webbprojekt i v\u00e5r kunskapsbank.","og_url":"https:\/\/www.provideit.se\/en\/knowledge-base\/","og_site_name":"Provide it.","article_modified_time":"2025-07-17T16:09:36+00:00","og_image":[{"width":1200,"height":628,"url":"http:\/\/www.provideit.se\/wp-content\/uploads\/2022\/09\/Headline-Subheader-Image-Light.jpg","type":"image\/jpeg"}],"twitter_card":"summary_large_image","schema":{"@context":"https:\/\/schema.org","@graph":[{"@type":"WebSite","@id":"https:\/\/www.provideit.se\/#website","url":"https:\/\/www.provideit.se\/","name":"Provide it.","description":"","potentialAction":[{"@type":"SearchAction","target":{"@type":"EntryPoint","urlTemplate":"https:\/\/www.provideit.se\/?s={search_term_string}"},"query-input":"required name=search_term_string"}],"inLanguage":"en-US"},{"@type":"ImageObject","@id":"https:\/\/www.provideit.se\/en\/knowledge-base\/#primaryimage","inLanguage":"en-US","url":"https:\/\/www.provideit.se\/wp-content\/uploads\/2022\/09\/Headline-Subheader-Image-Light.jpg","contentUrl":"https:\/\/www.provideit.se\/wp-content\/uploads\/2022\/09\/Headline-Subheader-Image-Light.jpg","width":1200,"height":628,"caption":"Provide its kunskapsbank"},{"@type":"WebPage","@id":"https:\/\/www.provideit.se\/en\/knowledge-base\/#webpage","url":"https:\/\/www.provideit.se\/en\/knowledge-base\/","name":"Knowledge Base - Provide it.","isPartOf":{"@id":"https:\/\/www.provideit.se\/#website"},"datePublished":"2022-02-07T16:21:23+00:00","dateModified":"2025-07-17T16:09:36+00:00","breadcrumb":{"@id":"https:\/\/www.provideit.se\/en\/knowledge-base\/#breadcrumb"},"inLanguage":"en-US","potentialAction":[{"@type":"ReadAction","target":["https:\/\/www.provideit.se\/en\/knowledge-base\/"]}]},{"@type":"BreadcrumbList","@id":"https:\/\/www.provideit.se\/en\/knowledge-base\/#breadcrumb","itemListElement":[{"@type":"ListItem","position":1,"name":"Home","item":"https:\/\/www.provideit.se\/en\/"},{"@type":"ListItem","position":2,"name":"Knowledge Base"}]}]}},"_links":{"self":[{"href":"https:\/\/www.provideit.se\/en\/wp-json\/wp\/v2\/pages\/2912"}],"collection":[{"href":"https:\/\/www.provideit.se\/en\/wp-json\/wp\/v2\/pages"}],"about":[{"href":"https:\/\/www.provideit.se\/en\/wp-json\/wp\/v2\/types\/page"}],"author":[{"embeddable":true,"href":"https:\/\/www.provideit.se\/en\/wp-json\/wp\/v2\/users\/1"}],"replies":[{"embeddable":true,"href":"https:\/\/www.provideit.se\/en\/wp-json\/wp\/v2\/comments?post=2912"}],"version-history":[{"count":2,"href":"https:\/\/www.provideit.se\/en\/wp-json\/wp\/v2\/pages\/2912\/revisions"}],"predecessor-version":[{"id":2943,"href":"https:\/\/www.provideit.se\/en\/wp-json\/wp\/v2\/pages\/2912\/revisions\/2943"}],"wp:attachment":[{"href":"https:\/\/www.provideit.se\/en\/wp-json\/wp\/v2\/media?parent=2912"}],"curies":[{"name":"wp","href":"https:\/\/api.w.org\/{rel}","templated":true}]}}