{"id":2897,"date":"2022-10-05T15:12:24","date_gmt":"2022-10-05T14:12:24","guid":{"rendered":"https:\/\/www.provideit.se\/byrasamarbeten\/"},"modified":"2025-07-24T15:03:59","modified_gmt":"2025-07-24T14:03:59","slug":"collaborations","status":"publish","type":"page","link":"https:\/\/www.provideit.se\/en\/collaborations\/","title":{"rendered":"Collaborations"},"content":{"rendered":"","protected":false},"excerpt":{"rendered":"","protected":false},"author":1,"featured_media":0,"parent":0,"menu_order":0,"comment_status":"closed","ping_status":"closed","template":"","meta":[],"yoast_head":"<!-- This site is optimized with the Yoast SEO plugin v18.4.1 - https:\/\/yoast.com\/wordpress\/plugins\/seo\/ -->\n<title>Collaborations - Provide it.<\/title>\n<meta name=\"description\" content=\"We produce quality web solutions for client assignments from advertising and communications agencies, among others. In addition, we ensure free of charge that the agency has chosen the right technology by converting the agency&#039;s ideas into technical specifications.\" \/>\n<meta name=\"robots\" content=\"index, follow, max-snippet:-1, max-image-preview:large, max-video-preview:-1\" \/>\n<link rel=\"canonical\" href=\"https:\/\/www.provideit.se\/en\/collaborations\/\" \/>\n<meta property=\"og:locale\" content=\"en_US\" \/>\n<meta property=\"og:type\" content=\"article\" \/>\n<meta property=\"og:title\" content=\"Provide it - en strategisk teknikpartner f\u00f6r byr\u00e5er\" \/>\n<meta property=\"og:description\" content=\"Beh\u00f6ver du en teknisk partner? Vi producerar kvalitativa webbl\u00f6sningar i bland annat Reklam- och Kommunikationsbyr\u00e5ers kunduppdrag. Dessutom s\u00e4kerst\u00e4ller vi kostnadsfritt att byr\u00e5n har valt r\u00e4tt teknik genom att omvandla byr\u00e5ns id\u00e9er till tekniska specifikationer.\" \/>\n<meta property=\"og:url\" content=\"https:\/\/www.provideit.se\/en\/collaborations\/\" \/>\n<meta property=\"og:site_name\" content=\"Provide it.\" \/>\n<meta property=\"article:modified_time\" content=\"2025-07-24T14:03:59+00:00\" \/>\n<meta property=\"og:image\" content=\"http:\/\/www.provideit.se\/wp-content\/uploads\/2022\/12\/Headline-Subheader-Image-Dark.png\" \/>\n\t<meta property=\"og:image:width\" content=\"1200\" \/>\n\t<meta property=\"og:image:height\" content=\"628\" \/>\n\t<meta property=\"og:image:type\" content=\"image\/png\" \/>\n<meta name=\"twitter:card\" content=\"summary_large_image\" \/>\n<script type=\"application\/ld+json\" class=\"yoast-schema-graph\">{\"@context\":\"https:\/\/schema.org\",\"@graph\":[{\"@type\":\"WebSite\",\"@id\":\"https:\/\/www.provideit.se\/#website\",\"url\":\"https:\/\/www.provideit.se\/\",\"name\":\"Provide it.\",\"description\":\"\",\"potentialAction\":[{\"@type\":\"SearchAction\",\"target\":{\"@type\":\"EntryPoint\",\"urlTemplate\":\"https:\/\/www.provideit.se\/?s={search_term_string}\"},\"query-input\":\"required name=search_term_string\"}],\"inLanguage\":\"en-US\"},{\"@type\":\"ImageObject\",\"@id\":\"https:\/\/www.provideit.se\/en\/collaborations\/#primaryimage\",\"inLanguage\":\"en-US\",\"url\":\"https:\/\/www.provideit.se\/wp-content\/uploads\/2022\/12\/Headline-Subheader-Image-Dark.png\",\"contentUrl\":\"https:\/\/www.provideit.se\/wp-content\/uploads\/2022\/12\/Headline-Subheader-Image-Dark.png\",\"width\":1200,\"height\":628,\"caption\":\"teknisk partner\"},{\"@type\":\"WebPage\",\"@id\":\"https:\/\/www.provideit.se\/en\/collaborations\/#webpage\",\"url\":\"https:\/\/www.provideit.se\/en\/collaborations\/\",\"name\":\"Collaborations - Provide it.\",\"isPartOf\":{\"@id\":\"https:\/\/www.provideit.se\/#website\"},\"datePublished\":\"2022-10-05T14:12:24+00:00\",\"dateModified\":\"2025-07-24T14:03:59+00:00\",\"description\":\"We produce quality web solutions for client assignments from advertising and communications agencies, among others. In addition, we ensure free of charge that the agency has chosen the right technology by converting the agency's ideas into technical specifications.\",\"breadcrumb\":{\"@id\":\"https:\/\/www.provideit.se\/en\/collaborations\/#breadcrumb\"},\"inLanguage\":\"en-US\",\"potentialAction\":[{\"@type\":\"ReadAction\",\"target\":[\"https:\/\/www.provideit.se\/en\/collaborations\/\"]}]},{\"@type\":\"BreadcrumbList\",\"@id\":\"https:\/\/www.provideit.se\/en\/collaborations\/#breadcrumb\",\"itemListElement\":[{\"@type\":\"ListItem\",\"position\":1,\"name\":\"Home\",\"item\":\"https:\/\/www.provideit.se\/en\/\"},{\"@type\":\"ListItem\",\"position\":2,\"name\":\"Collaborations\"}]}]}<\/script>\n<!-- \/ Yoast SEO plugin. -->","yoast_head_json":{"title":"Collaborations - Provide it.","description":"We produce quality web solutions for client assignments from advertising and communications agencies, among others. In addition, we ensure free of charge that the agency has chosen the right technology by converting the agency's ideas into technical specifications.","robots":{"index":"index","follow":"follow","max-snippet":"max-snippet:-1","max-image-preview":"max-image-preview:large","max-video-preview":"max-video-preview:-1"},"canonical":"https:\/\/www.provideit.se\/en\/collaborations\/","og_locale":"en_US","og_type":"article","og_title":"Provide it - en strategisk teknikpartner f\u00f6r byr\u00e5er","og_description":"Beh\u00f6ver du en teknisk partner? Vi producerar kvalitativa webbl\u00f6sningar i bland annat Reklam- och Kommunikationsbyr\u00e5ers kunduppdrag. Dessutom s\u00e4kerst\u00e4ller vi kostnadsfritt att byr\u00e5n har valt r\u00e4tt teknik genom att omvandla byr\u00e5ns id\u00e9er till tekniska specifikationer.","og_url":"https:\/\/www.provideit.se\/en\/collaborations\/","og_site_name":"Provide it.","article_modified_time":"2025-07-24T14:03:59+00:00","og_image":[{"width":1200,"height":628,"url":"http:\/\/www.provideit.se\/wp-content\/uploads\/2022\/12\/Headline-Subheader-Image-Dark.png","type":"image\/png"}],"twitter_card":"summary_large_image","schema":{"@context":"https:\/\/schema.org","@graph":[{"@type":"WebSite","@id":"https:\/\/www.provideit.se\/#website","url":"https:\/\/www.provideit.se\/","name":"Provide it.","description":"","potentialAction":[{"@type":"SearchAction","target":{"@type":"EntryPoint","urlTemplate":"https:\/\/www.provideit.se\/?s={search_term_string}"},"query-input":"required name=search_term_string"}],"inLanguage":"en-US"},{"@type":"ImageObject","@id":"https:\/\/www.provideit.se\/en\/collaborations\/#primaryimage","inLanguage":"en-US","url":"https:\/\/www.provideit.se\/wp-content\/uploads\/2022\/12\/Headline-Subheader-Image-Dark.png","contentUrl":"https:\/\/www.provideit.se\/wp-content\/uploads\/2022\/12\/Headline-Subheader-Image-Dark.png","width":1200,"height":628,"caption":"teknisk partner"},{"@type":"WebPage","@id":"https:\/\/www.provideit.se\/en\/collaborations\/#webpage","url":"https:\/\/www.provideit.se\/en\/collaborations\/","name":"Collaborations - Provide it.","isPartOf":{"@id":"https:\/\/www.provideit.se\/#website"},"datePublished":"2022-10-05T14:12:24+00:00","dateModified":"2025-07-24T14:03:59+00:00","description":"We produce quality web solutions for client assignments from advertising and communications agencies, among others. In addition, we ensure free of charge that the agency has chosen the right technology by converting the agency's ideas into technical specifications.","breadcrumb":{"@id":"https:\/\/www.provideit.se\/en\/collaborations\/#breadcrumb"},"inLanguage":"en-US","potentialAction":[{"@type":"ReadAction","target":["https:\/\/www.provideit.se\/en\/collaborations\/"]}]},{"@type":"BreadcrumbList","@id":"https:\/\/www.provideit.se\/en\/collaborations\/#breadcrumb","itemListElement":[{"@type":"ListItem","position":1,"name":"Home","item":"https:\/\/www.provideit.se\/en\/"},{"@type":"ListItem","position":2,"name":"Collaborations"}]}]}},"_links":{"self":[{"href":"https:\/\/www.provideit.se\/en\/wp-json\/wp\/v2\/pages\/2897"}],"collection":[{"href":"https:\/\/www.provideit.se\/en\/wp-json\/wp\/v2\/pages"}],"about":[{"href":"https:\/\/www.provideit.se\/en\/wp-json\/wp\/v2\/types\/page"}],"author":[{"embeddable":true,"href":"https:\/\/www.provideit.se\/en\/wp-json\/wp\/v2\/users\/1"}],"replies":[{"embeddable":true,"href":"https:\/\/www.provideit.se\/en\/wp-json\/wp\/v2\/comments?post=2897"}],"version-history":[{"count":5,"href":"https:\/\/www.provideit.se\/en\/wp-json\/wp\/v2\/pages\/2897\/revisions"}],"predecessor-version":[{"id":3115,"href":"https:\/\/www.provideit.se\/en\/wp-json\/wp\/v2\/pages\/2897\/revisions\/3115"}],"wp:attachment":[{"href":"https:\/\/www.provideit.se\/en\/wp-json\/wp\/v2\/media?parent=2897"}],"curies":[{"name":"wp","href":"https:\/\/api.w.org\/{rel}","templated":true}]}}