{"id":2894,"date":"2021-01-21T11:17:51","date_gmt":"2021-01-21T10:17:51","guid":{"rendered":"https:\/\/www.provideit.se\/uppdrag\/"},"modified":"2025-07-24T14:55:14","modified_gmt":"2025-07-24T13:55:14","slug":"cases","status":"publish","type":"page","link":"https:\/\/www.provideit.se\/en\/cases\/","title":{"rendered":"Cases"},"content":{"rendered":"","protected":false},"excerpt":{"rendered":"","protected":false},"author":1,"featured_media":0,"parent":0,"menu_order":0,"comment_status":"closed","ping_status":"closed","template":"","meta":[],"yoast_head":"<!-- This site is optimized with the Yoast SEO plugin v18.4.1 - https:\/\/yoast.com\/wordpress\/plugins\/seo\/ -->\n<title>Our Cases - Provide it.<\/title>\n<meta name=\"description\" content=\"Since our inception in 2012, we have delivered digital solutions to industry-leading companies such as IKEA, Spotify and Volkswagen.\" \/>\n<meta name=\"robots\" content=\"index, follow, max-snippet:-1, max-image-preview:large, max-video-preview:-1\" \/>\n<link rel=\"canonical\" href=\"https:\/\/www.provideit.se\/en\/cases\/\" \/>\n<meta property=\"og:locale\" content=\"en_US\" \/>\n<meta property=\"og:type\" content=\"article\" \/>\n<meta property=\"og:title\" content=\"Din strategiska digitala byr\u00e5\" \/>\n<meta property=\"og:description\" content=\"Sedan starten 2012 har vi levererat digitala l\u00f6sningar till industriledande bolag. L\u00e4s mer om n\u00e5gra av v\u00e5ra uppdrag.\" \/>\n<meta property=\"og:url\" content=\"https:\/\/www.provideit.se\/en\/cases\/\" \/>\n<meta property=\"og:site_name\" content=\"Provide it.\" \/>\n<meta property=\"article:modified_time\" content=\"2025-07-24T13:55:14+00:00\" \/>\n<meta property=\"og:image\" content=\"http:\/\/www.provideit.se\/wp-content\/uploads\/2022\/04\/Headline-Subheader-Image-Light-2.jpg\" \/>\n\t<meta property=\"og:image:width\" content=\"1200\" \/>\n\t<meta property=\"og:image:height\" content=\"628\" \/>\n\t<meta property=\"og:image:type\" content=\"image\/jpeg\" \/>\n<meta name=\"twitter:card\" content=\"summary_large_image\" \/>\n<script type=\"application\/ld+json\" class=\"yoast-schema-graph\">{\"@context\":\"https:\/\/schema.org\",\"@graph\":[{\"@type\":\"WebSite\",\"@id\":\"https:\/\/www.provideit.se\/#website\",\"url\":\"https:\/\/www.provideit.se\/\",\"name\":\"Provide it.\",\"description\":\"\",\"potentialAction\":[{\"@type\":\"SearchAction\",\"target\":{\"@type\":\"EntryPoint\",\"urlTemplate\":\"https:\/\/www.provideit.se\/?s={search_term_string}\"},\"query-input\":\"required name=search_term_string\"}],\"inLanguage\":\"en-US\"},{\"@type\":\"ImageObject\",\"@id\":\"https:\/\/www.provideit.se\/en\/cases\/#primaryimage\",\"inLanguage\":\"en-US\",\"url\":\"https:\/\/www.provideit.se\/wp-content\/uploads\/2022\/04\/Headline-Subheader-Image-Light-2.jpg\",\"contentUrl\":\"https:\/\/www.provideit.se\/wp-content\/uploads\/2022\/04\/Headline-Subheader-Image-Light-2.jpg\",\"width\":1200,\"height\":628,\"caption\":\"react laravel hj\u00e4lp\"},{\"@type\":\"WebPage\",\"@id\":\"https:\/\/www.provideit.se\/en\/cases\/#webpage\",\"url\":\"https:\/\/www.provideit.se\/en\/cases\/\",\"name\":\"Our Cases - Provide it.\",\"isPartOf\":{\"@id\":\"https:\/\/www.provideit.se\/#website\"},\"datePublished\":\"2021-01-21T10:17:51+00:00\",\"dateModified\":\"2025-07-24T13:55:14+00:00\",\"description\":\"Since our inception in 2012, we have delivered digital solutions to industry-leading companies such as IKEA, Spotify and Volkswagen.\",\"breadcrumb\":{\"@id\":\"https:\/\/www.provideit.se\/en\/cases\/#breadcrumb\"},\"inLanguage\":\"en-US\",\"potentialAction\":[{\"@type\":\"ReadAction\",\"target\":[\"https:\/\/www.provideit.se\/en\/cases\/\"]}]},{\"@type\":\"BreadcrumbList\",\"@id\":\"https:\/\/www.provideit.se\/en\/cases\/#breadcrumb\",\"itemListElement\":[{\"@type\":\"ListItem\",\"position\":1,\"name\":\"Home\",\"item\":\"https:\/\/www.provideit.se\/en\/\"},{\"@type\":\"ListItem\",\"position\":2,\"name\":\"Cases\"}]}]}<\/script>\n<!-- \/ Yoast SEO plugin. -->","yoast_head_json":{"title":"Our Cases - Provide it.","description":"Since our inception in 2012, we have delivered digital solutions to industry-leading companies such as IKEA, Spotify and Volkswagen.","robots":{"index":"index","follow":"follow","max-snippet":"max-snippet:-1","max-image-preview":"max-image-preview:large","max-video-preview":"max-video-preview:-1"},"canonical":"https:\/\/www.provideit.se\/en\/cases\/","og_locale":"en_US","og_type":"article","og_title":"Din strategiska digitala byr\u00e5","og_description":"Sedan starten 2012 har vi levererat digitala l\u00f6sningar till industriledande bolag. L\u00e4s mer om n\u00e5gra av v\u00e5ra uppdrag.","og_url":"https:\/\/www.provideit.se\/en\/cases\/","og_site_name":"Provide it.","article_modified_time":"2025-07-24T13:55:14+00:00","og_image":[{"width":1200,"height":628,"url":"http:\/\/www.provideit.se\/wp-content\/uploads\/2022\/04\/Headline-Subheader-Image-Light-2.jpg","type":"image\/jpeg"}],"twitter_card":"summary_large_image","schema":{"@context":"https:\/\/schema.org","@graph":[{"@type":"WebSite","@id":"https:\/\/www.provideit.se\/#website","url":"https:\/\/www.provideit.se\/","name":"Provide it.","description":"","potentialAction":[{"@type":"SearchAction","target":{"@type":"EntryPoint","urlTemplate":"https:\/\/www.provideit.se\/?s={search_term_string}"},"query-input":"required name=search_term_string"}],"inLanguage":"en-US"},{"@type":"ImageObject","@id":"https:\/\/www.provideit.se\/en\/cases\/#primaryimage","inLanguage":"en-US","url":"https:\/\/www.provideit.se\/wp-content\/uploads\/2022\/04\/Headline-Subheader-Image-Light-2.jpg","contentUrl":"https:\/\/www.provideit.se\/wp-content\/uploads\/2022\/04\/Headline-Subheader-Image-Light-2.jpg","width":1200,"height":628,"caption":"react laravel hj\u00e4lp"},{"@type":"WebPage","@id":"https:\/\/www.provideit.se\/en\/cases\/#webpage","url":"https:\/\/www.provideit.se\/en\/cases\/","name":"Our Cases - Provide it.","isPartOf":{"@id":"https:\/\/www.provideit.se\/#website"},"datePublished":"2021-01-21T10:17:51+00:00","dateModified":"2025-07-24T13:55:14+00:00","description":"Since our inception in 2012, we have delivered digital solutions to industry-leading companies such as IKEA, Spotify and Volkswagen.","breadcrumb":{"@id":"https:\/\/www.provideit.se\/en\/cases\/#breadcrumb"},"inLanguage":"en-US","potentialAction":[{"@type":"ReadAction","target":["https:\/\/www.provideit.se\/en\/cases\/"]}]},{"@type":"BreadcrumbList","@id":"https:\/\/www.provideit.se\/en\/cases\/#breadcrumb","itemListElement":[{"@type":"ListItem","position":1,"name":"Home","item":"https:\/\/www.provideit.se\/en\/"},{"@type":"ListItem","position":2,"name":"Cases"}]}]}},"_links":{"self":[{"href":"https:\/\/www.provideit.se\/en\/wp-json\/wp\/v2\/pages\/2894"}],"collection":[{"href":"https:\/\/www.provideit.se\/en\/wp-json\/wp\/v2\/pages"}],"about":[{"href":"https:\/\/www.provideit.se\/en\/wp-json\/wp\/v2\/types\/page"}],"author":[{"embeddable":true,"href":"https:\/\/www.provideit.se\/en\/wp-json\/wp\/v2\/users\/1"}],"replies":[{"embeddable":true,"href":"https:\/\/www.provideit.se\/en\/wp-json\/wp\/v2\/comments?post=2894"}],"version-history":[{"count":3,"href":"https:\/\/www.provideit.se\/en\/wp-json\/wp\/v2\/pages\/2894\/revisions"}],"predecessor-version":[{"id":3106,"href":"https:\/\/www.provideit.se\/en\/wp-json\/wp\/v2\/pages\/2894\/revisions\/3106"}],"wp:attachment":[{"href":"https:\/\/www.provideit.se\/en\/wp-json\/wp\/v2\/media?parent=2894"}],"curies":[{"name":"wp","href":"https:\/\/api.w.org\/{rel}","templated":true}]}}