{"id":2888,"date":"2021-01-22T13:34:16","date_gmt":"2021-01-22T12:34:16","guid":{"rendered":"https:\/\/www.provideit.se\/karriar\/"},"modified":"2025-07-17T16:15:40","modified_gmt":"2025-07-17T15:15:40","slug":"career","status":"publish","type":"page","link":"https:\/\/www.provideit.se\/en\/career\/","title":{"rendered":"Career"},"content":{"rendered":"","protected":false},"excerpt":{"rendered":"","protected":false},"author":1,"featured_media":0,"parent":0,"menu_order":0,"comment_status":"closed","ping_status":"closed","template":"","meta":[],"yoast_head":"<!-- This site is optimized with the Yoast SEO plugin v18.4.1 - https:\/\/yoast.com\/wordpress\/plugins\/seo\/ -->\n<title>Career - Provide it.<\/title>\n<meta name=\"description\" content=\"We believe that leading technology companies are made up of people who love what they do, which is why they are leaders in their field. At our company, we only work on what we really want to work on.\" \/>\n<meta name=\"robots\" content=\"index, follow, max-snippet:-1, max-image-preview:large, max-video-preview:-1\" \/>\n<link rel=\"canonical\" href=\"https:\/\/www.provideit.se\/en\/career\/\" \/>\n<meta property=\"og:locale\" content=\"en_US\" \/>\n<meta property=\"og:type\" content=\"article\" \/>\n<meta property=\"og:title\" content=\"L\u00e4s mer p\u00e5 v\u00e5r karri\u00e4rsida\" \/>\n<meta property=\"og:description\" content=\"Vi s\u00e4ger det f\u00e5 bolag vill s\u00e4ga - det finns mer i livet \u00e4n arbete. D\u00e4rf\u00f6r g\u00f6r vi v\u00e4ldigt mycket utanf\u00f6r jobbet. Om det s\u00e5 \u00e4r en AW, fest, Retro-LAN, utbildningar eller SPA-bes\u00f6k s\u00e5 vill vi alltid h\u00e5lla ig\u00e5ng och ha roligt tillsammans. Vi vill l\u00e4ra k\u00e4nna varandra p\u00e5 riktigt.\" \/>\n<meta property=\"og:url\" content=\"https:\/\/www.provideit.se\/en\/career\/\" \/>\n<meta property=\"og:site_name\" content=\"Provide it.\" \/>\n<meta property=\"article:modified_time\" content=\"2025-07-17T15:15:40+00:00\" \/>\n<meta property=\"og:image\" content=\"http:\/\/www.provideit.se\/wp-content\/uploads\/2022\/05\/Karria\u0308rsida-some-1.png\" \/>\n\t<meta property=\"og:image:width\" content=\"1200\" \/>\n\t<meta property=\"og:image:height\" content=\"628\" \/>\n\t<meta property=\"og:image:type\" content=\"image\/png\" \/>\n<meta name=\"twitter:card\" content=\"summary_large_image\" \/>\n<meta name=\"twitter:title\" content=\"L\u00e4s mer p\u00e5 v\u00e5r karri\u00e4rsida\" \/>\n<meta name=\"twitter:description\" content=\"Vi s\u00e4ger det f\u00e5 bolag vill s\u00e4ga - det finns mer i livet \u00e4n arbete. D\u00e4rf\u00f6r g\u00f6r vi v\u00e4ldigt mycket utanf\u00f6r jobbet. Om det s\u00e5 \u00e4r en AW, fest, Retro-LAN, utbildningar eller SPA-bes\u00f6k s\u00e5 vill vi alltid h\u00e5lla ig\u00e5ng och ha roligt tillsammans. Vi vill l\u00e4ra k\u00e4nna varandra p\u00e5 riktigt.\" \/>\n<meta name=\"twitter:image\" content=\"https:\/\/www.provideit.se\/wp-content\/uploads\/2022\/05\/Karria\u0308rsida-some-1.png\" \/>\n<script type=\"application\/ld+json\" class=\"yoast-schema-graph\">{\"@context\":\"https:\/\/schema.org\",\"@graph\":[{\"@type\":\"WebSite\",\"@id\":\"https:\/\/www.provideit.se\/#website\",\"url\":\"https:\/\/www.provideit.se\/\",\"name\":\"Provide it.\",\"description\":\"\",\"potentialAction\":[{\"@type\":\"SearchAction\",\"target\":{\"@type\":\"EntryPoint\",\"urlTemplate\":\"https:\/\/www.provideit.se\/?s={search_term_string}\"},\"query-input\":\"required name=search_term_string\"}],\"inLanguage\":\"en-US\"},{\"@type\":\"ImageObject\",\"@id\":\"https:\/\/www.provideit.se\/en\/career\/#primaryimage\",\"inLanguage\":\"en-US\",\"url\":\"https:\/\/www.provideit.se\/wp-content\/uploads\/2022\/05\/Karria\u0308rsida-some-1.png\",\"contentUrl\":\"https:\/\/www.provideit.se\/wp-content\/uploads\/2022\/05\/Karria\u0308rsida-some-1.png\",\"width\":1200,\"height\":628,\"caption\":\"Lediga tj\u00e4nster provide it\"},{\"@type\":\"WebPage\",\"@id\":\"https:\/\/www.provideit.se\/en\/career\/#webpage\",\"url\":\"https:\/\/www.provideit.se\/en\/career\/\",\"name\":\"Career - Provide it.\",\"isPartOf\":{\"@id\":\"https:\/\/www.provideit.se\/#website\"},\"datePublished\":\"2021-01-22T12:34:16+00:00\",\"dateModified\":\"2025-07-17T15:15:40+00:00\",\"description\":\"We believe that leading technology companies are made up of people who love what they do, which is why they are leaders in their field. At our company, we only work on what we really want to work on.\",\"breadcrumb\":{\"@id\":\"https:\/\/www.provideit.se\/en\/career\/#breadcrumb\"},\"inLanguage\":\"en-US\",\"potentialAction\":[{\"@type\":\"ReadAction\",\"target\":[\"https:\/\/www.provideit.se\/en\/career\/\"]}]},{\"@type\":\"BreadcrumbList\",\"@id\":\"https:\/\/www.provideit.se\/en\/career\/#breadcrumb\",\"itemListElement\":[{\"@type\":\"ListItem\",\"position\":1,\"name\":\"Home\",\"item\":\"https:\/\/www.provideit.se\/en\/\"},{\"@type\":\"ListItem\",\"position\":2,\"name\":\"Career\"}]}]}<\/script>\n<!-- \/ Yoast SEO plugin. -->","yoast_head_json":{"title":"Career - Provide it.","description":"We believe that leading technology companies are made up of people who love what they do, which is why they are leaders in their field. At our company, we only work on what we really want to work on.","robots":{"index":"index","follow":"follow","max-snippet":"max-snippet:-1","max-image-preview":"max-image-preview:large","max-video-preview":"max-video-preview:-1"},"canonical":"https:\/\/www.provideit.se\/en\/career\/","og_locale":"en_US","og_type":"article","og_title":"L\u00e4s mer p\u00e5 v\u00e5r karri\u00e4rsida","og_description":"Vi s\u00e4ger det f\u00e5 bolag vill s\u00e4ga - det finns mer i livet \u00e4n arbete. D\u00e4rf\u00f6r g\u00f6r vi v\u00e4ldigt mycket utanf\u00f6r jobbet. Om det s\u00e5 \u00e4r en AW, fest, Retro-LAN, utbildningar eller SPA-bes\u00f6k s\u00e5 vill vi alltid h\u00e5lla ig\u00e5ng och ha roligt tillsammans. Vi vill l\u00e4ra k\u00e4nna varandra p\u00e5 riktigt.","og_url":"https:\/\/www.provideit.se\/en\/career\/","og_site_name":"Provide it.","article_modified_time":"2025-07-17T15:15:40+00:00","og_image":[{"width":1200,"height":628,"url":"http:\/\/www.provideit.se\/wp-content\/uploads\/2022\/05\/Karria\u0308rsida-some-1.png","type":"image\/png"}],"twitter_card":"summary_large_image","twitter_title":"L\u00e4s mer p\u00e5 v\u00e5r karri\u00e4rsida","twitter_description":"Vi s\u00e4ger det f\u00e5 bolag vill s\u00e4ga - det finns mer i livet \u00e4n arbete. D\u00e4rf\u00f6r g\u00f6r vi v\u00e4ldigt mycket utanf\u00f6r jobbet. Om det s\u00e5 \u00e4r en AW, fest, Retro-LAN, utbildningar eller SPA-bes\u00f6k s\u00e5 vill vi alltid h\u00e5lla ig\u00e5ng och ha roligt tillsammans. Vi vill l\u00e4ra k\u00e4nna varandra p\u00e5 riktigt.","twitter_image":"https:\/\/www.provideit.se\/wp-content\/uploads\/2022\/05\/Karria\u0308rsida-some-1.png","schema":{"@context":"https:\/\/schema.org","@graph":[{"@type":"WebSite","@id":"https:\/\/www.provideit.se\/#website","url":"https:\/\/www.provideit.se\/","name":"Provide it.","description":"","potentialAction":[{"@type":"SearchAction","target":{"@type":"EntryPoint","urlTemplate":"https:\/\/www.provideit.se\/?s={search_term_string}"},"query-input":"required name=search_term_string"}],"inLanguage":"en-US"},{"@type":"ImageObject","@id":"https:\/\/www.provideit.se\/en\/career\/#primaryimage","inLanguage":"en-US","url":"https:\/\/www.provideit.se\/wp-content\/uploads\/2022\/05\/Karria\u0308rsida-some-1.png","contentUrl":"https:\/\/www.provideit.se\/wp-content\/uploads\/2022\/05\/Karria\u0308rsida-some-1.png","width":1200,"height":628,"caption":"Lediga tj\u00e4nster provide it"},{"@type":"WebPage","@id":"https:\/\/www.provideit.se\/en\/career\/#webpage","url":"https:\/\/www.provideit.se\/en\/career\/","name":"Career - Provide it.","isPartOf":{"@id":"https:\/\/www.provideit.se\/#website"},"datePublished":"2021-01-22T12:34:16+00:00","dateModified":"2025-07-17T15:15:40+00:00","description":"We believe that leading technology companies are made up of people who love what they do, which is why they are leaders in their field. At our company, we only work on what we really want to work on.","breadcrumb":{"@id":"https:\/\/www.provideit.se\/en\/career\/#breadcrumb"},"inLanguage":"en-US","potentialAction":[{"@type":"ReadAction","target":["https:\/\/www.provideit.se\/en\/career\/"]}]},{"@type":"BreadcrumbList","@id":"https:\/\/www.provideit.se\/en\/career\/#breadcrumb","itemListElement":[{"@type":"ListItem","position":1,"name":"Home","item":"https:\/\/www.provideit.se\/en\/"},{"@type":"ListItem","position":2,"name":"Career"}]}]}},"_links":{"self":[{"href":"https:\/\/www.provideit.se\/en\/wp-json\/wp\/v2\/pages\/2888"}],"collection":[{"href":"https:\/\/www.provideit.se\/en\/wp-json\/wp\/v2\/pages"}],"about":[{"href":"https:\/\/www.provideit.se\/en\/wp-json\/wp\/v2\/types\/page"}],"author":[{"embeddable":true,"href":"https:\/\/www.provideit.se\/en\/wp-json\/wp\/v2\/users\/1"}],"replies":[{"embeddable":true,"href":"https:\/\/www.provideit.se\/en\/wp-json\/wp\/v2\/comments?post=2888"}],"version-history":[{"count":2,"href":"https:\/\/www.provideit.se\/en\/wp-json\/wp\/v2\/pages\/2888\/revisions"}],"predecessor-version":[{"id":2942,"href":"https:\/\/www.provideit.se\/en\/wp-json\/wp\/v2\/pages\/2888\/revisions\/2942"}],"wp:attachment":[{"href":"https:\/\/www.provideit.se\/en\/wp-json\/wp\/v2\/media?parent=2888"}],"curies":[{"name":"wp","href":"https:\/\/api.w.org\/{rel}","templated":true}]}}