{"id":2873,"date":"2021-01-22T13:33:11","date_gmt":"2021-01-22T12:33:11","guid":{"rendered":"https:\/\/www.provideit.se\/tjanster\/"},"modified":"2025-07-24T14:56:53","modified_gmt":"2025-07-24T13:56:53","slug":"services","status":"publish","type":"page","link":"https:\/\/www.provideit.se\/en\/services\/","title":{"rendered":"Services"},"content":{"rendered":"","protected":false},"excerpt":{"rendered":"","protected":false},"author":1,"featured_media":2779,"parent":0,"menu_order":0,"comment_status":"closed","ping_status":"closed","template":"","meta":[],"yoast_head":"<!-- This site is optimized with the Yoast SEO plugin v18.4.1 - https:\/\/yoast.com\/wordpress\/plugins\/seo\/ -->\n<title>Experts in customized web solutions<\/title>\n<meta name=\"description\" content=\"We are specialists in web-based solutions. Contact us if you need help with websites, e-commerce tools, web systems, UX\/UI design.\" \/>\n<meta name=\"robots\" content=\"index, follow, max-snippet:-1, max-image-preview:large, max-video-preview:-1\" \/>\n<link rel=\"canonical\" href=\"https:\/\/www.provideit.se\/en\/services\/\" \/>\n<meta property=\"og:locale\" content=\"en_US\" \/>\n<meta property=\"og:type\" content=\"article\" \/>\n<meta property=\"og:title\" content=\"L\u00e4s mer om v\u00e5ra tj\u00e4nster\" \/>\n<meta property=\"og:description\" content=\"Vad g\u00f6r vi egentligen p\u00e5 den digitala byr\u00e5n Provide IT? Vi har till skillnad fr\u00e5n majoriteten av dagens byr\u00e5er valt att fokusera p\u00e5 ett f\u00e5tal tj\u00e4nster och tekniker, s\u00e5 att vi kan med stolthet kalla oss experter.D\u00e4rf\u00f6r \u00e4r vi extra stolta \u00f6ver v\u00e5ra team som \u00e4r just det. L\u00e4s mer om v\u00e5ra tj\u00e4nster\" \/>\n<meta property=\"og:url\" content=\"https:\/\/www.provideit.se\/en\/services\/\" \/>\n<meta property=\"og:site_name\" content=\"Provide it.\" \/>\n<meta property=\"article:modified_time\" content=\"2025-07-24T13:56:53+00:00\" \/>\n<meta property=\"og:image\" content=\"http:\/\/www.provideit.se\/wp-content\/uploads\/2022\/04\/Headline-Subheader-Image-Light-5.jpg\" \/>\n\t<meta property=\"og:image:width\" content=\"1200\" \/>\n\t<meta property=\"og:image:height\" content=\"628\" \/>\n\t<meta property=\"og:image:type\" content=\"image\/jpeg\" \/>\n<meta name=\"twitter:card\" content=\"summary_large_image\" \/>\n<script type=\"application\/ld+json\" class=\"yoast-schema-graph\">{\"@context\":\"https:\/\/schema.org\",\"@graph\":[{\"@type\":\"WebSite\",\"@id\":\"https:\/\/www.provideit.se\/#website\",\"url\":\"https:\/\/www.provideit.se\/\",\"name\":\"Provide it.\",\"description\":\"\",\"potentialAction\":[{\"@type\":\"SearchAction\",\"target\":{\"@type\":\"EntryPoint\",\"urlTemplate\":\"https:\/\/www.provideit.se\/?s={search_term_string}\"},\"query-input\":\"required name=search_term_string\"}],\"inLanguage\":\"en-US\"},{\"@type\":\"ImageObject\",\"@id\":\"https:\/\/www.provideit.se\/en\/services\/#primaryimage\",\"inLanguage\":\"en-US\",\"url\":\"https:\/\/www.provideit.se\/wp-content\/uploads\/2022\/04\/Headline-Subheader-Image-Light-5.jpg\",\"contentUrl\":\"https:\/\/www.provideit.se\/wp-content\/uploads\/2022\/04\/Headline-Subheader-Image-Light-5.jpg\",\"width\":1200,\"height\":628,\"caption\":\"webbplats hj\u00e4lp\"},{\"@type\":\"WebPage\",\"@id\":\"https:\/\/www.provideit.se\/en\/services\/#webpage\",\"url\":\"https:\/\/www.provideit.se\/en\/services\/\",\"name\":\"Experts in customized web solutions\",\"isPartOf\":{\"@id\":\"https:\/\/www.provideit.se\/#website\"},\"primaryImageOfPage\":{\"@id\":\"https:\/\/www.provideit.se\/en\/services\/#primaryimage\"},\"datePublished\":\"2021-01-22T12:33:11+00:00\",\"dateModified\":\"2025-07-24T13:56:53+00:00\",\"description\":\"We are specialists in web-based solutions. Contact us if you need help with websites, e-commerce tools, web systems, UX\/UI design.\",\"breadcrumb\":{\"@id\":\"https:\/\/www.provideit.se\/en\/services\/#breadcrumb\"},\"inLanguage\":\"en-US\",\"potentialAction\":[{\"@type\":\"ReadAction\",\"target\":[\"https:\/\/www.provideit.se\/en\/services\/\"]}]},{\"@type\":\"BreadcrumbList\",\"@id\":\"https:\/\/www.provideit.se\/en\/services\/#breadcrumb\",\"itemListElement\":[{\"@type\":\"ListItem\",\"position\":1,\"name\":\"Home\",\"item\":\"https:\/\/www.provideit.se\/en\/\"},{\"@type\":\"ListItem\",\"position\":2,\"name\":\"Services\"}]}]}<\/script>\n<!-- \/ Yoast SEO plugin. -->","yoast_head_json":{"title":"Experts in customized web solutions","description":"We are specialists in web-based solutions. Contact us if you need help with websites, e-commerce tools, web systems, UX\/UI design.","robots":{"index":"index","follow":"follow","max-snippet":"max-snippet:-1","max-image-preview":"max-image-preview:large","max-video-preview":"max-video-preview:-1"},"canonical":"https:\/\/www.provideit.se\/en\/services\/","og_locale":"en_US","og_type":"article","og_title":"L\u00e4s mer om v\u00e5ra tj\u00e4nster","og_description":"Vad g\u00f6r vi egentligen p\u00e5 den digitala byr\u00e5n Provide IT? Vi har till skillnad fr\u00e5n majoriteten av dagens byr\u00e5er valt att fokusera p\u00e5 ett f\u00e5tal tj\u00e4nster och tekniker, s\u00e5 att vi kan med stolthet kalla oss experter.D\u00e4rf\u00f6r \u00e4r vi extra stolta \u00f6ver v\u00e5ra team som \u00e4r just det. L\u00e4s mer om v\u00e5ra tj\u00e4nster","og_url":"https:\/\/www.provideit.se\/en\/services\/","og_site_name":"Provide it.","article_modified_time":"2025-07-24T13:56:53+00:00","og_image":[{"width":1200,"height":628,"url":"http:\/\/www.provideit.se\/wp-content\/uploads\/2022\/04\/Headline-Subheader-Image-Light-5.jpg","type":"image\/jpeg"}],"twitter_card":"summary_large_image","schema":{"@context":"https:\/\/schema.org","@graph":[{"@type":"WebSite","@id":"https:\/\/www.provideit.se\/#website","url":"https:\/\/www.provideit.se\/","name":"Provide it.","description":"","potentialAction":[{"@type":"SearchAction","target":{"@type":"EntryPoint","urlTemplate":"https:\/\/www.provideit.se\/?s={search_term_string}"},"query-input":"required name=search_term_string"}],"inLanguage":"en-US"},{"@type":"ImageObject","@id":"https:\/\/www.provideit.se\/en\/services\/#primaryimage","inLanguage":"en-US","url":"https:\/\/www.provideit.se\/wp-content\/uploads\/2022\/04\/Headline-Subheader-Image-Light-5.jpg","contentUrl":"https:\/\/www.provideit.se\/wp-content\/uploads\/2022\/04\/Headline-Subheader-Image-Light-5.jpg","width":1200,"height":628,"caption":"webbplats hj\u00e4lp"},{"@type":"WebPage","@id":"https:\/\/www.provideit.se\/en\/services\/#webpage","url":"https:\/\/www.provideit.se\/en\/services\/","name":"Experts in customized web solutions","isPartOf":{"@id":"https:\/\/www.provideit.se\/#website"},"primaryImageOfPage":{"@id":"https:\/\/www.provideit.se\/en\/services\/#primaryimage"},"datePublished":"2021-01-22T12:33:11+00:00","dateModified":"2025-07-24T13:56:53+00:00","description":"We are specialists in web-based solutions. Contact us if you need help with websites, e-commerce tools, web systems, UX\/UI design.","breadcrumb":{"@id":"https:\/\/www.provideit.se\/en\/services\/#breadcrumb"},"inLanguage":"en-US","potentialAction":[{"@type":"ReadAction","target":["https:\/\/www.provideit.se\/en\/services\/"]}]},{"@type":"BreadcrumbList","@id":"https:\/\/www.provideit.se\/en\/services\/#breadcrumb","itemListElement":[{"@type":"ListItem","position":1,"name":"Home","item":"https:\/\/www.provideit.se\/en\/"},{"@type":"ListItem","position":2,"name":"Services"}]}]}},"_links":{"self":[{"href":"https:\/\/www.provideit.se\/en\/wp-json\/wp\/v2\/pages\/2873"}],"collection":[{"href":"https:\/\/www.provideit.se\/en\/wp-json\/wp\/v2\/pages"}],"about":[{"href":"https:\/\/www.provideit.se\/en\/wp-json\/wp\/v2\/types\/page"}],"author":[{"embeddable":true,"href":"https:\/\/www.provideit.se\/en\/wp-json\/wp\/v2\/users\/1"}],"replies":[{"embeddable":true,"href":"https:\/\/www.provideit.se\/en\/wp-json\/wp\/v2\/comments?post=2873"}],"version-history":[{"count":5,"href":"https:\/\/www.provideit.se\/en\/wp-json\/wp\/v2\/pages\/2873\/revisions"}],"predecessor-version":[{"id":3111,"href":"https:\/\/www.provideit.se\/en\/wp-json\/wp\/v2\/pages\/2873\/revisions\/3111"}],"wp:featuredmedia":[{"embeddable":true,"href":"https:\/\/www.provideit.se\/en\/wp-json\/wp\/v2\/media\/2779"}],"wp:attachment":[{"href":"https:\/\/www.provideit.se\/en\/wp-json\/wp\/v2\/media?parent=2873"}],"curies":[{"name":"wp","href":"https:\/\/api.w.org\/{rel}","templated":true}]}}